{"id":21,"date":"2020-03-03T14:17:04","date_gmt":"2020-03-03T13:17:04","guid":{"rendered":"http:\/\/gitehorsdutemps.be\/?page_id=21"},"modified":"2023-01-30T16:17:56","modified_gmt":"2023-01-30T15:17:56","slug":"manger-boire","status":"publish","type":"page","link":"https:\/\/gitehorsdutemps.be\/index.php\/manger-boire\/","title":{"rendered":"O\u00f9 manger? O\u00f9 boire un verre?"},"content":{"rendered":"\n<div class=\"my-address\">\n<p class=\"my-address-title\">Chez Samtha\u00ef<\/p>\n<p class=\"my-address-content\">Le restaurant est petit et affiche souvent complet, mais les plats sont d\u00e9licieux. Possibilit\u00e9 de commander des plats \u00e0 emporter.<br> \n<\/p><table><tbody><tr><td width=\"50%\">Place Roi Albert 1er, 8<br> 5580 Rochefort<br> 0032 84 21 02 88<br>Horaires d&rsquo;ouverture : du mercredi au samedi de 18h \u00e0 22h; le dimanche de 12h \u00e0 15h30 et de 18h \u00e0 21h. Ferm\u00e9 les lundi et mardi.<\/td><td><img decoding=\"async\" src=\"http:\/\/gitehorsdutemps.be\/wp-content\/uploads\/2020\/03\/samthai.png\"><\/td><\/tr><\/tbody><\/table><p><\/p>\n<p class=\"my-address-title\">A la bella Italia<\/p>\n<p class=\"my-address-content\">Le restaurant ne paie pas de mine mais ils font d&rsquo;excellentes pizzas \u00e0 emporter<br> \n<\/p><table><tbody><tr><td width=\"50%\">Rue de Behogne 50 (en face de l&rsquo;\u00e9glise)<br> 5580 Rochefort<br> 0032 84 22 15 20<br>Ouverts tous les jours de 12h \u00e0 15h et de 18h \u00e0 22h sauf le lundi<\/td><td><img decoding=\"async\" src=\"http:\/\/gitehorsdutemps.be\/wp-content\/uploads\/2020\/03\/bella_italia.png\"><\/td><\/tr><\/tbody><\/table><p><\/p>\n<p class=\"my-address-title\">A la Gourmandise<\/p>\n<p class=\"my-address-content\">Tr\u00e8s bonne brasserie, une cuisine du terroir app\u00e9tissante. On peut aussi y d\u00e9guster de bonnes glaces!<br> \n<\/p><table><tbody><tr><td width=\"50%\">Rue de Behogne 24<br> 5580 Rochefort<br> 0032 84 22 21 81<br>Ouverts tous les jours de 9h \u00e0 22h sauf le mercredi et le jeudi de 9h \u00e0 16h<\/td><td><img decoding=\"async\" src=\"http:\/\/gitehorsdutemps.be\/wp-content\/uploads\/2020\/03\/gourmandise.png\"><\/td><\/tr><\/tbody><\/table><p><\/p>\n<p class=\"my-address-title\">A l&rsquo;auberge du Bief de la Lesse<\/p>\n<p class=\"my-address-content\">Tr\u00e8s bon restaurant, plut\u00f4t gastronomique, avec une carte r\u00e9duite et des produits de saison. A deux pas!<br> \n<\/p><table><tbody><tr><td width=\"50%\">Rue du Bief 1<br> 5580 Villers-sur-Lesse<br> 0032 84 37 84 21<br>Ouvert du mercredi au dimanche de 12h \u00e0 14h et de 19h \u00e0 21h<\/td><td><img decoding=\"async\" src=\"http:\/\/gitehorsdutemps.be\/wp-content\/uploads\/2020\/03\/bief.png\"><\/td><\/tr><\/tbody><\/table><p><\/p>\n<p class=\"my-address-title\">A la friterie du Pont de Pierre<\/p>\n<p class=\"my-address-content\"> \n<\/p><table><tbody><tr><td width=\"50%\">Rue de Behogne 88<br>5580 Rochefort<br>Ouvert tous les jours de 11h30 \u00e0 14h et de 17h \u00e0 21h, sauf le mardi et le mercredi<\/td><td><img decoding=\"async\" src=\"http:\/\/gitehorsdutemps.be\/wp-content\/uploads\/2020\/03\/friterie.png\"><\/td><\/tr><\/tbody><\/table><p><\/p>\n<p class=\"my-address-title\">A li p&rsquo;ti bambou<\/p>\n<p class=\"my-address-content\">Le long du Ravel, un endroit insolite o\u00f9 il fait bon se perdre&#8230;<br> \n<\/p><table><tbody><tr><td width=\"50%\">Chemin de la Collyre 5<br> 5560 Ciergnon<br>0032 84 37 91 46<br>0032 477 31 39 26<br>La terrasse est ouverte tous les jours (sauf le mardi):<br><ul><li>des vacances de P\u00e2ques \u00e0 fin avril de 11h \u00e0 18h<\/li><li>de mai \u00e0 fin septembre de 11h \u00e0 19h<\/li><li>en octobre, ouvert uniquement le week-end de 11h \u00e0 18h<\/li><\/ul><\/td><td><img decoding=\"async\" src=\"http:\/\/gitehorsdutemps.be\/wp-content\/uploads\/2020\/03\/bambou.png\"><\/td><\/tr><\/tbody><\/table><p><\/p>\n<p class=\"my-address-title\">la terrasse de la brasserie de la Lesse<\/p>\n<table><tbody><tr><td width=\"50%\">rue du Treux 4<br> 5580 Eprave<br>0032 84 345 75 25<br>La terrasse est ouverte tous les jours de l&rsquo;\u00e9t\u00e9 de 14h \u00e0 22h<br>hors saison, elle est ouverte le vendredi de 17h \u00e0 21h, le samedi de 10h \u00e0 21h et le dimanche de 11h \u00e0 19h<\/td><td><img decoding=\"async\" src=\"http:\/\/gitehorsdutemps.be\/wp-content\/uploads\/2020\/03\/brasserie.png\"><\/td><\/tr><\/tbody><\/table><p><\/p>\n<p class=\"my-address-title\">la frite dor\u00e9e<\/p>\n<table><tbody><tr><td width=\"50%\">Rue de G\u00e9nimont<br> 5580 G\u00e9nimont<br>0032 493 64 08 28<br>Ouvert tous les jours de 12h \u00e0 14h30 et de 17h45 \u00e0 21h sauf le lundi et le mardi<br><\/td><td><img decoding=\"async\" src=\"https:\/\/gitehorsdutemps.be\/wp-content\/uploads\/2023\/01\/fritedoree.png\"><\/td><\/tr><\/tbody><\/table><p><\/p>\n<\/div>\n\n\n\n<p><\/p>\n","protected":false},"excerpt":{"rendered":"<p>Chez Samtha\u00ef Le restaurant est petit et affiche souvent complet, mais les plats sont d\u00e9licieux. Possibilit\u00e9 de commander des plats \u00e0 emporter. Place Roi Albert 1er, 8 5580 Rochefort 0032 84 21 02 88Horaires d&rsquo;ouverture : du mercredi au samedi de 18h \u00e0 22h; le dimanche de 12h \u00e0 15h30 et de 18h \u00e0 21h. [&hellip;]<\/p>\n","protected":false},"author":1,"featured_media":0,"parent":0,"menu_order":0,"comment_status":"closed","ping_status":"closed","template":"","meta":{"footnotes":""},"_links":{"self":[{"href":"https:\/\/gitehorsdutemps.be\/index.php\/wp-json\/wp\/v2\/pages\/21"}],"collection":[{"href":"https:\/\/gitehorsdutemps.be\/index.php\/wp-json\/wp\/v2\/pages"}],"about":[{"href":"https:\/\/gitehorsdutemps.be\/index.php\/wp-json\/wp\/v2\/types\/page"}],"author":[{"embeddable":true,"href":"https:\/\/gitehorsdutemps.be\/index.php\/wp-json\/wp\/v2\/users\/1"}],"replies":[{"embeddable":true,"href":"https:\/\/gitehorsdutemps.be\/index.php\/wp-json\/wp\/v2\/comments?post=21"}],"version-history":[{"count":20,"href":"https:\/\/gitehorsdutemps.be\/index.php\/wp-json\/wp\/v2\/pages\/21\/revisions"}],"predecessor-version":[{"id":274,"href":"https:\/\/gitehorsdutemps.be\/index.php\/wp-json\/wp\/v2\/pages\/21\/revisions\/274"}],"wp:attachment":[{"href":"https:\/\/gitehorsdutemps.be\/index.php\/wp-json\/wp\/v2\/media?parent=21"}],"curies":[{"name":"wp","href":"https:\/\/api.w.org\/{rel}","templated":true}]}}